{"id":23,"date":"2020-03-04T09:44:03","date_gmt":"2020-03-04T09:44:03","guid":{"rendered":"https:\/\/mainanwalt.info\/?page_id=23"},"modified":"2025-09-26T09:25:41","modified_gmt":"2025-09-26T09:25:41","slug":"impressum","status":"publish","type":"page","link":"https:\/\/mainanwalt.info\/?page_id=23","title":{"rendered":"Impressum"},"content":{"rendered":"<p><strong>Impressum TDG \u00a76; Dienstleistungs-InformationspflichtenVerordnung (DL-InfoV)<\/strong><br \/>\n<strong>Verantwortlicher im Sinne des \u00a7 5 Abs. 1 TMG und des \u00a7 55 RStV ist:<\/strong><\/p>\n<p>Dr. Reuter &amp; Dr. Hartard<br \/>\nRechtsanwaelte und Notare<br \/>\nUntermainkai 19<br \/>\n60329 Frankfurt am Main<\/p>\n<p>Telefon: +49 (0) 69 2429710; 69 63001990; Fax: 069\/24 29 71 31; 63001989<br \/>\nE-Mail: kontakt@mainanwalt.info<\/p>\n<p><strong>Berufsbezeichnung<\/strong><\/p>\n<p>Allen Rechtsanw\u00e4lten der Kanzlei Dr. Grafe Dr. Reuter, Dr. Hartard wurde die Berufsbezeichnung \u201eRechtsanwalt\u201c in der Bundesrepublik Deutschland verliehen. Die Rechtsanw\u00e4lte sind in der Bundesrepublik Deutschland zugelassen und sind Mitglieder der Rechtsanwaltskammer Frankfurt am Main, Bockenheimer Anlage 36, 60322 Frankfurt a.M.<\/p>\n<p><strong>Berufsrechtliche Regelungen gem\u00e4\u00df \u00a7 5 I Nr. 5c TMG<\/strong><br \/>\nBerufsrechtliche Grundlagen der beruflichen T\u00e4tigkeit der Kanzlei Dr. Grafe Dr. Reuter Drost, bilden insbesondere die nachfolgenden Regelungen:<\/p>\n<p>&#8211; Bundesrechtsanwaltsordnung (BRAO)<br \/>\n&#8211; Berufsordnung der Rechtsanw\u00e4lte (BORA)<br \/>\n&#8211; Fachanwaltsordnung (FAO)<br \/>\n&#8211; Gesetz \u00fcber T\u00e4tigkeit europ\u00e4ischer Rechtsanw\u00e4lte in Deutschland (EuRAG)<br \/>\n&#8211; Rechtsanwaltsverg\u00fctungsgesetz (RVG)<br \/>\n&#8211; Standesregelung der Rechtsanw\u00e4lte in der Europ\u00e4ischen Gemeinschaft (CCBE-Berufsregeln)<br \/>\n&#8211; Berufsrechtliche Erg\u00e4nzungen zum Geldw\u00e4schebek\u00e4mpfungsgesetz (GwG)<\/p>\n<p>Alle Notare sind f\u00fcr den Bezirk des Oberlandesgerichts Frankfurt am Main mit dem Amtssitz in Frankfurt am Main (Bundesrepublik Deutschland) bestellt und Mitglieder der Notarkammer Frankfurt am Main.<\/p>\n<p>Notarkammer Frankfurt am Main<br \/>\nBockenheimer Anlage 36<br \/>\n60322 Frankfurt am Main<\/p>\n<p>Tel.: 069 170098-02<br \/>\nFax: 069 170098-25<br \/>\nE-Mail: info@notarkammer-ffm.de<br \/>\nwww.notarkammer-ffm.de<\/p>\n<p>Aufsichtsbeh\u00f6rden gem\u00e4\u00df \u00a7 92 BNotO sind:<\/p>\n<p>Der Pr\u00e4sident des Landgerichts Frankfurt am Main<br \/>\nGerichtsstra\u00dfe 2<br \/>\n60313 Frankfurt am Main<br \/>\nT +49 69 1367 01<br \/>\nF +49 69 1367 6050<br \/>\nverwaltung@lg-frankfurt.justiz.hessen.de<\/p>\n<p>Der Pr\u00e4sident des Oberlandesgerichts Frankfurt am Main<br \/>\nZeil 42<br \/>\n60313 Frankfurt am Main<br \/>\nT +49 69 1367 01<br \/>\nF +49 69 1367 2340<br \/>\nverwaltung@olg-frankfurt.justiz.hessen.de<\/p>\n<p>Die Landesjustizverwaltung des Landes Hessen<br \/>\nHessisches Ministerium der Justiz, f\u00fcr Integration und Europa<br \/>\nLuisenstra\u00dfe 13<br \/>\n65185 Wiesbaden<br \/>\nT +49 611 322 780<br \/>\nF +49 611 322 691<br \/>\npoststelle@hmdj.hessen.de<\/p>\n<p>Die berufsrechtlichen Regelungen f\u00fcr Notare finden Sie unter<br \/>\nhttp:\/\/www.bnotk.de\/Notar\/Berufsrecht\/index.php: <\/p>\n<p>Bundesnotarordnung<br \/>\nhttp:\/\/www.bnotk.de\/Notar\/Berufsrecht\/BNotO\/index.php<br \/>\nBeurkundungsgesetz<br \/>\nhttp:\/\/www.notar.de\/der-notar\/berufsrecht<\/p>\n<p>Gerichts- und Notarkostengesetz (GNotKG)<br \/>\nhttps:\/\/www.bnotk.de\/Notar\/Berufsrecht\/GNotKG.php<\/p>\n<p>Gesetz zur \u00dcberf\u00fchrung der Testamentsverzeichnisse und der Hauptkartei beim Amtsgericht Sch\u00f6neberg in Berlin in das Zentrale Testamentsregister der Bundesnotarkammer (Testamentsverzeichnis-\u00dcberf\u00fchrungsgesetz-TV\u00dcG)<br \/>\nhttp:\/\/www.bnotk.de\/Notar\/Berufsrecht\/TVUEG.php<\/p>\n<p>Richtlinien der Notarkammer Frankfurt<br \/>\nhttp:\/\/www.bnotk.de\/_downloads\/Richtlinien\/RichtlinienNKFrankfurt_Main_neu.pdf<br \/>\nDienstordnung f\u00fcr Notarinnen und Notare<br \/>\nhttp:\/\/www.bnotk.de\/Notar\/Berufsrecht\/DONot.php<\/p>\n<p>Angaben zur Berufshaftpflichtversicherung gem\u00e4\u00df \u00a7 2 DL-InfoV:<\/p>\n<p>Die Berufsbezeichnung \u201eNotar\u201c wurde s\u00e4mtlichen Notaren der Kanzlei Reuter &#038; Hartard in der Bundesrepublik Deutschland verliehen.<\/p>\n<p>Die Berufshaftpflichtversicherung aller Rechtsanw\u00e4lte und Notare besteht bei folgenden Versicherungsgesellschaften<\/p>\n<p>Dr. Reuter:<br \/>\nAllianz Versicherungs-Aktiengesellschaft<br \/>\nK\u00f6niginstra\u00dfe 28<br \/>\n80802 M\u00fcnchen<br \/>\nSitz der Gesellschaft: M\u00fcnchen<br \/>\nRegistergericht: M\u00fcnchen HRB 75727<\/p>\n<p>Dr.  Hartard<br \/>\nHDI Versicherung AG<br \/>\n30650  Hannover<br \/>\nSitz der Gesellschaft Hannover<br \/>\nHRB 58934\u201c<\/p>\n<p><em>Bilder: Anna Weistand<\/em><br \/>\n<em>Webedesign- &amp; Entwicklung: Anna Weistand, Franziska Seifert<\/em><\/p>\n","protected":false},"excerpt":{"rendered":"<p>Impressum TDG \u00a76; Dienstleistungs-InformationspflichtenVerordnung (DL-InfoV) Verantwortlicher im Sinne des \u00a7 5 Abs. 1 TMG und des \u00a7 55 RStV ist: Dr. Reuter &amp; Dr. Hartard Rechtsanwaelte und Notare Untermainkai 19 60329 Frankfurt am Main Telefon: +49 (0) 69 2429710; 69 63001990; Fax: 069\/24 29 71 31; 63001989 E-Mail: kontakt@mainanwalt.info Berufsbezeichnung Allen Rechtsanw\u00e4lten der Kanzlei Dr. [&hellip;]<\/p>\n","protected":false},"author":1,"featured_media":0,"parent":0,"menu_order":0,"comment_status":"closed","ping_status":"closed","template":"","meta":{"footnotes":""},"class_list":["post-23","page","type-page","status-publish","hentry"],"_links":{"self":[{"href":"https:\/\/mainanwalt.info\/index.php?rest_route=\/wp\/v2\/pages\/23","targetHints":{"allow":["GET"]}}],"collection":[{"href":"https:\/\/mainanwalt.info\/index.php?rest_route=\/wp\/v2\/pages"}],"about":[{"href":"https:\/\/mainanwalt.info\/index.php?rest_route=\/wp\/v2\/types\/page"}],"author":[{"embeddable":true,"href":"https:\/\/mainanwalt.info\/index.php?rest_route=\/wp\/v2\/users\/1"}],"replies":[{"embeddable":true,"href":"https:\/\/mainanwalt.info\/index.php?rest_route=%2Fwp%2Fv2%2Fcomments&post=23"}],"version-history":[{"count":18,"href":"https:\/\/mainanwalt.info\/index.php?rest_route=\/wp\/v2\/pages\/23\/revisions"}],"predecessor-version":[{"id":501,"href":"https:\/\/mainanwalt.info\/index.php?rest_route=\/wp\/v2\/pages\/23\/revisions\/501"}],"wp:attachment":[{"href":"https:\/\/mainanwalt.info\/index.php?rest_route=%2Fwp%2Fv2%2Fmedia&parent=23"}],"curies":[{"name":"wp","href":"https:\/\/api.w.org\/{rel}","templated":true}]}}