{"id":21,"date":"2020-03-04T09:43:53","date_gmt":"2020-03-04T09:43:53","guid":{"rendered":"https:\/\/mainanwalt.info\/?page_id=21"},"modified":"2025-03-25T10:29:02","modified_gmt":"2025-03-25T10:29:02","slug":"datenschutzerklarung","status":"publish","type":"page","link":"https:\/\/mainanwalt.info\/?page_id=21","title":{"rendered":"Datenschutzerkl\u00e4rung"},"content":{"rendered":"<p>Datenschutzhinweise<\/p>\n<p>Im Folgenden informieren wir \u00fcber die Erhebung personenbezogener Daten bei Nutzung dieser<br \/>\nWebseite.<\/p>\n<p>I. Verantwortlicher<\/p>\n<p>Verantwortlicher im Sinne der Datenschutzgrundverordnung:<br \/>\nRae Reuter &amp; Hartard<br \/>\nUntermainkai 19<br \/>\n60329 Frankfurt am Main<br \/>\nE-Mail: kontakt@mainanwalt.info<\/p>\n<p>II. Datenschutzbeauftragter<\/p>\n<p>Kontaktdaten unseres Datenschutzbeauftragten:<br \/>\nSarah Dursun<br \/>\nDatenschutzbeauftragte<br \/>\nUntermainkai 19<br \/>\n60329 Frankfurt am Main<br \/>\nE-Mail: datenschutz@hartard-law.eu<\/p>\n<p>III. Ihre Rechte<\/p>\n<p>1. Sie haben gegen\u00fcber uns folgende Rechte hinsichtlich der Sie betreffenden<br \/>\npersonenbezogenen Daten:<\/p>\n<p>&#8211; Recht auf Auskunft,<br \/>\n&#8211; Recht auf Berichtigung oder L\u00f6schung,<br \/>\n&#8211; Recht auf Einschr\u00e4nkung der Verarbeitung,<br \/>\n&#8211; Recht auf Widerspruch gegen die Verarbeitung,<br \/>\n&#8211; Recht auf Daten\u00fcbertragbarkeit.<\/p>\n<p>2. Sie haben zudem das Recht, sich bei einer Datenschutz-Aufsichtsbeh\u00f6rde \u00fcber die<br \/>\nVerarbeitung Ihrer personenbezogenen Daten durch uns zu beschweren.<\/p>\n<p>IV. Erhebung personenbezogener Daten<\/p>\n<p>1. Beim Besuch unserer Website<\/p>\n<p>a) Wenn sie unsere Webseite zur blo\u00df informatorischen Nutzung besuchen, erheben wir nur<br \/>\ndiejenigen personenbezogenen Daten in Logdateien (log files), die Ihr Browser an unseren<br \/>\nServer \u00fcbermittelt. Folgende Daten werden hierbei erhoben:<\/p>\n<p>&#8211; die IP-Adresse,<br \/>\n&#8211; das Datum und die Uhrzeit des Zugriffs,<br \/>\n&#8211; den Inhalt der Anforderung auf unsere Webseite,<br \/>\n&#8211; die Webseite, von der die Anforderung kommt,<br \/>\n&#8211; der Zugriffsstatus\/HTTP-Statuscode,<br \/>\n&#8211; der Domainname des Internet Service Providers,<br \/>\n&#8211; die jeweils \u00fcbertragene Datenmenge,<br \/>\n&#8211; die Art des Browser,<br \/>\n&#8211; das Betriebssystem und dessen Oberfl\u00e4che,<br \/>\n&#8211; der Domainname des Internet Service Providers,<br \/>\n&#8211; die Sprache und Version der Browsersoftware.<\/p>\n<p>Diese Informationen sind f\u00fcr uns technisch erforderlich, um Ihnen unsere Webseite<br \/>\nanzuzeigen und die Stabilit\u00e4t und Sicherheit der Webseite zu gew\u00e4hrleisten. Rechtsgrundlage<br \/>\nist Art. 6 Abs. 1 lit. f DS-GVO. Die Daten werden dabei nur f\u00fcr statistische Zwecke und nur in<br \/>\npseudonymisierter Form ausgewertet. Sie werden nicht an Dritte weitergeben.<\/p>\n<p>b) Sobald die genannten Daten zum Anzeigen der Website nicht mehr erforderlich sind, werden<br \/>\nsie gel\u00f6scht.<\/p>\n<p>2. Bei Kontaktaufnahme per E-Mail<\/p>\n<p>a) Wenn Sie mit uns per E-Mail in Kontakt zu treten, werden neben den von Ihnen in der E-Mail<br \/>\nangegebenen Inhalten folgende Daten von Ihnen erhoben:<\/p>\n<p>&#8211; die E-Mail-Adresse<br \/>\n&#8211; Ihr Name<\/p>\n<p>Diese Informationen sind f\u00fcr uns erforderlich, um Ihre Anfrage zu beantworten.<br \/>\nRechtsgrundlage ist Art. 6 Abs. 1 lit. f DSGVO.<\/p>\n<p>b) Sobald Ihre Anfrage erledigt ist, werden die \u00fcber die E-Mail verarbeiteten<br \/>\npersonenbezogenen Daten gel\u00f6scht. Eine weitergehende Speicherung kann gegebenenfalls<br \/>\ndann erfolgen, wenn dies gesetzlich vorgeschrieben ist.<\/p>\n<p>V. Weitergabe von Daten<\/p>\n<p>Eine \u00dcbermittlung Ihrer pers\u00f6nlichen Daten an Dritte zu anderen als den im Folgenden aufgef\u00fchrten<br \/>\nZwecken findet nicht statt.<br \/>\nWir geben Ihre pers\u00f6nlichen Daten nur an Dritte weiter, wenn:<br \/>\n&#8211; Sie Ihre nach Art. 6 Abs. 1 S. 1 lit. a DSGVO ausdr\u00fcckliche Einwilligung dazu erteilt haben,<br \/>\n&#8211; die Weitergabe nach Art. 6 Abs. 1 S. 1 lit. f DSGVO zur Geltendmachung, Aus\u00fcbung oder<br \/>\nVerteidigung von Rechtsanspr\u00fcchen erforderlich ist und kein Grund zur Annahme besteht, dass<br \/>\nSie ein \u00fcberwiegendes schutzw\u00fcrdiges Interesse an der Nichtweitergabe Ihrer Daten haben,<br \/>\n&#8211; f\u00fcr den Fall, dass f\u00fcr die Weitergabe nach Art. 6 Abs. 1 S. 1 lit. c DSGVO eine gesetzliche<br \/>\nVerpflichtung besteht, sowie<br \/>\n&#8211; dies gesetzlich zul\u00e4ssig und nach Art. 6 Abs. 1 S. 1 lit. b DSGVO f\u00fcr die Abwicklung von<br \/>\nVertragsverh\u00e4ltnissen mit Ihnen erforderlich ist.<\/p>\n<p>VI. Einsatz von Cookies<\/p>\n<p>Zus\u00e4tzlich zu den zuvor genannten Daten werden bei Ihrer Nutzung unserer Website Cookies auf<br \/>\nIhrem Rechner gespeichert. Bei Cookies handelt es sich um kleine Textdateien, die auf Ihrer<br \/>\nFestplatte dem von Ihnen verwendeten Browser zugeordnet gespeichert werden und durch welche<br \/>\nder Stelle, die den Cookie setzt (hier durch uns), bestimmte Informationen zuflie\u00dfen. Cookies k\u00f6nnen<br \/>\nkeine Programme ausf\u00fchren oder Viren auf Ihren Computer \u00fcbertragen. Sie dienen dazu, das<\/p>\n<p>Internetangebot insgesamt nutzerfreundlicher und effektiver zu machen. Die in Cookies enthaltenen<br \/>\nInformationen verwenden wir, um den Betrieb und die Nutzung unserer Webseite zu erm\u00f6glichen, zu<br \/>\nanalysieren und zu verbessern und um unsere IT-Sicherheit zu gew\u00e4hrleisten. Rechtsgrundlage f\u00fcr<br \/>\ndie Datenverarbeitung ist Art. 6 Abs. 1 lit. f DS-GVO. Die aus den Cookies erlangten Informationen<br \/>\nwerden nicht mit Ihrer IP-Adresse verkn\u00fcpft. Weitere personenbezogene Daten werden nicht<br \/>\nerhoben. Sie k\u00f6nnen unsere Webseite auch besuchen, ohne dass hierf\u00fcr Cookies verwendet werden,<br \/>\nwenn Sie die Speicherung von Cookies in den Systemeinstellungen Ihres Browsers deaktivieren. Dies<br \/>\nkann jedoch dazu f\u00fchren, dass Sie nicht alle Funktionen unserer Webseite nutzen k\u00f6nnen. Weitere<br \/>\nInformationen \u00fcber Cookies und deren Deaktivierung finden Sie auf der Webseite des Bundesamts<br \/>\nf\u00fcr Sicherheit in der Informationstechnik hier.<\/p>\n<p>VII. Tracking- und Analysetools<\/p>\n<p>VIII. Einbindung von Google Maps<br \/>\nDiese Website nutzt zur Darstellung von Karten Google Maps. Google Maps ist ein Kartendienst von<br \/>\nGoogle Inc., 1600 Amphitheatre Parkway, Mountain View, California 94043, USA. die Nutzung<br \/>\nunserer Internetseite erkl\u00e4ren Sie sich mit der Erfassung, Bearbeitung sowie der Nutzung der<br \/>\nautomatisch erhobenen durch Google, einer seiner Vertreter, oder Drittanbieter einverstanden. Die<br \/>\nNutzungsbedingungen f\u00fcr Google Maps finden Sie unter<br \/>\nhttp:\/\/www.google.com\/intl\/de_de\/help\/terms_maps.html<\/p>\n<p>IX. Datensicherheit<\/p>\n<p>Wir verwenden innerhalb des Website-Besuchs das verbreitete SSL-Verfahren (Secure Socket Layer)<br \/>\nin Verbindung mit der jeweils h\u00f6chsten Verschl\u00fcsselungsstufe, die von Ihrem Browser unterst\u00fctzt<br \/>\nwird. In der Regel handelt es sich dabei um eine 256 Bit Verschl\u00fcsselung. Falls Ihr Browser keine 256-<br \/>\nBit Verschl\u00fcsselung unterst\u00fctzt, greifen wir stattdessen auf 128-Bit v3 Technologie zur\u00fcck. Ob eine<br \/>\neinzelne Seite unseres Internetauftrittes verschl\u00fcsselt \u00fcbertragen wird, erkennen Sie an der<br \/>\ngeschlossenen Darstellung des Sch\u00fcssel- beziehungsweise Schloss-Symbols in der unteren<br \/>\nStatusleiste Ihres Browsers.<br \/>\nWir bedienen uns im \u00dcbrigen geeigneter technischer und organisatorischer Sicherheitsma\u00dfnahmen,<br \/>\num Ihre Daten gegen zuf\u00e4llige oder vors\u00e4tzliche Manipulationen, teilweisen oder vollst\u00e4ndigen<br \/>\nVerlust, Zerst\u00f6rung oder gegen den unbefugten Zugriff Dritter zu sch\u00fctzen. Unsere<br \/>\nSicherheitsma\u00dfnahmen werden entsprechend der technologischen Entwicklung fortlaufend<br \/>\nverbessert.<\/p>\n<p>X. Aktualit\u00e4t und \u00c4nderung dieser Datenschutzerkl\u00e4rung<\/p>\n<p>Diese Datenschutzerkl\u00e4rung ist aktuell g\u00fcltig und hat den Stand Mai 2020.<br \/>\nDurch die Weiterentwicklung unserer Website und Angebote dar\u00fcber oder aufgrund ge\u00e4nderter<br \/>\ngesetzlicher beziehungsweise beh\u00f6rdlicher Vorgaben kann es notwendig werden, diese<br \/>\nDatenschutzerkl\u00e4rung zu \u00e4ndern. Die jeweils aktuelle Datenschutzerkl\u00e4rung kann jederzeit auf der<br \/>\nWebsite unter <a href=\"https:\/\/mainanwalt.info\/datenschutzerklarung\/\">https:\/\/mainanwalt.info\/datenschutzerklarung\/<\/a> von Ihnen abgerufen und ausgedruckt<br \/>\nwerden.<\/p>\n","protected":false},"excerpt":{"rendered":"<p>Datenschutzhinweise Im Folgenden informieren wir \u00fcber die Erhebung personenbezogener Daten bei Nutzung dieser Webseite. I. Verantwortlicher Verantwortlicher im Sinne der Datenschutzgrundverordnung: Rae Reuter &amp; Hartard Untermainkai 19 60329 Frankfurt am Main E-Mail: kontakt@mainanwalt.info II. Datenschutzbeauftragter Kontaktdaten unseres Datenschutzbeauftragten: Sarah Dursun Datenschutzbeauftragte Untermainkai 19 60329 Frankfurt am Main E-Mail: datenschutz@hartard-law.eu III. Ihre Rechte 1. Sie haben [&hellip;]<\/p>\n","protected":false},"author":1,"featured_media":0,"parent":0,"menu_order":0,"comment_status":"closed","ping_status":"closed","template":"","meta":{"footnotes":""},"class_list":["post-21","page","type-page","status-publish","hentry"],"_links":{"self":[{"href":"https:\/\/mainanwalt.info\/index.php?rest_route=\/wp\/v2\/pages\/21","targetHints":{"allow":["GET"]}}],"collection":[{"href":"https:\/\/mainanwalt.info\/index.php?rest_route=\/wp\/v2\/pages"}],"about":[{"href":"https:\/\/mainanwalt.info\/index.php?rest_route=\/wp\/v2\/types\/page"}],"author":[{"embeddable":true,"href":"https:\/\/mainanwalt.info\/index.php?rest_route=\/wp\/v2\/users\/1"}],"replies":[{"embeddable":true,"href":"https:\/\/mainanwalt.info\/index.php?rest_route=%2Fwp%2Fv2%2Fcomments&post=21"}],"version-history":[{"count":29,"href":"https:\/\/mainanwalt.info\/index.php?rest_route=\/wp\/v2\/pages\/21\/revisions"}],"predecessor-version":[{"id":498,"href":"https:\/\/mainanwalt.info\/index.php?rest_route=\/wp\/v2\/pages\/21\/revisions\/498"}],"wp:attachment":[{"href":"https:\/\/mainanwalt.info\/index.php?rest_route=%2Fwp%2Fv2%2Fmedia&parent=21"}],"curies":[{"name":"wp","href":"https:\/\/api.w.org\/{rel}","templated":true}]}}